{"id":623,"date":"2021-01-19T19:51:05","date_gmt":"2021-01-19T22:51:05","guid":{"rendered":"https:\/\/tuttieditora.com.br\/?page_id=623"},"modified":"2024-01-09T15:46:51","modified_gmt":"2024-01-09T18:46:51","slug":"sobre","status":"publish","type":"page","link":"https:\/\/tuttieditora.com.br\/index.php\/sobre\/","title":{"rendered":"Sobre"},"content":{"rendered":"<div data-colibri-id=\"623-c1\" class=\"style-496 style-local-623-c1 position-relative\">\n  <!---->\n  <div data-colibri-component=\"section\" data-colibri-id=\"623-c2\" id=\"about\" class=\"h-section h-section-global-spacing d-flex align-items-lg-center align-items-md-center align-items-center style-497 style-local-623-c2 position-relative\">\n    <!---->\n    <!---->\n    <div class=\"h-section-grid-container h-section-boxed-container\">\n      <!---->\n      <div data-colibri-id=\"623-c3\" class=\"h-row-container gutters-row-lg-0 gutters-row-md-0 gutters-row-0 gutters-row-v-lg-0 gutters-row-v-md-0 gutters-row-v-0 style-498 style-local-623-c3 position-relative\">\n        <!---->\n        <div class=\"h-row justify-content-lg-center justify-content-md-center justify-content-center align-items-lg-stretch align-items-md-stretch align-items-stretch gutters-col-lg-0 gutters-col-md-0 gutters-col-0 gutters-col-v-lg-0 gutters-col-v-md-0 gutters-col-v-0\">\n          <!---->\n          <div class=\"h-column h-column-container d-flex h-col-lg-auto h-col-md-auto h-col-auto style-499-outer style-local-623-c4-outer\">\n            <div data-colibri-id=\"623-c4\" class=\"d-flex h-flex-basis h-column__inner h-px-lg-0 h-px-md-0 h-px-0 v-inner-lg-0 v-inner-md-0 v-inner-0 style-499 style-local-623-c4 position-relative\">\n              <!---->\n              <!---->\n              <div class=\"w-100 h-y-container h-column__content h-column__v-align flex-basis-100 align-self-lg-start align-self-md-start align-self-start\">\n                <!---->\n                <div data-colibri-id=\"623-c5\" class=\"h-global-transition-all h-heading style-500 style-local-623-c5 position-relative h-element\">\n                  <!---->\n                  <div class=\"h-heading__outer style-500 style-local-623-c5\">\n                    <!---->\n                    <!---->\n                    <h5 class=\"\">Sobre<\/h5>\n                  <\/div>\n                <\/div>\n                <div data-colibri-id=\"623-c6\" class=\"h-global-transition-all h-heading style-501 style-local-623-c6 position-relative h-element\">\n                  <!---->\n                  <div class=\"h-heading__outer style-501 style-local-623-c6\">\n                    <!---->\n                    <!---->\n                    <h2 class=\"\">O que \u00e9 a Tutti?<\/h2>\n                  <\/div>\n                <\/div>\n                <div data-colibri-id=\"623-c7\" class=\"h-text h-text-component style-502 style-local-623-c7 position-relative h-element\">\n                  <!---->\n                  <!---->\n                  <div class=\"\">\n                    <p>A Tutti \u00e9 uma editora voltada principalmente para a publica\u00e7\u00e3o de materiais escritos em Libras\/ELiS. Esses materiais podem variar desde obras cient\u00edficas a pequenas hist\u00f3rias liter\u00e1rias ou a recursos did\u00e1ticos para o ensino de ELiS.<\/p>\n                  <\/div>\n                <\/div>\n              <\/div>\n            <\/div>\n          <\/div>\n          <div class=\"h-column h-column-container d-flex h-col-lg-auto h-col-md-auto h-col-auto style-503-outer style-local-623-c8-outer\">\n            <div data-colibri-id=\"623-c8\" class=\"d-flex h-flex-basis h-column__inner h-ui-empty-state-container h-px-lg-2 h-px-md-2 h-px-2 v-inner-lg-2 v-inner-md-2 v-inner-2 style-503 style-local-623-c8 position-relative\">\n              <!---->\n              <!---->\n              <div class=\"w-100 h-y-container h-column__content h-column__v-align flex-basis-100\">\n                <!---->\n              <\/div>\n            <\/div>\n          <\/div>\n        <\/div>\n      <\/div>\n    <\/div>\n  <\/div>\n  <div data-colibri-component=\"section\" data-colibri-id=\"623-c9\" id=\"about-2\" class=\"h-section h-section-global-spacing d-flex align-items-lg-center align-items-md-center align-items-center style-512 style-local-623-c9 position-relative\">\n    <!---->\n    <!---->\n    <div class=\"h-section-grid-container h-section-boxed-container\">\n      <!---->\n      <div data-colibri-id=\"623-c10\" class=\"h-row-container gutters-row-lg-0 gutters-row-md-0 gutters-row-0 gutters-row-v-lg-0 gutters-row-v-md-0 gutters-row-v-0 style-513 style-local-623-c10 position-relative\">\n        <!---->\n        <div class=\"h-row justify-content-lg-center justify-content-md-center justify-content-center align-items-lg-stretch align-items-md-stretch align-items-stretch gutters-col-lg-0 gutters-col-md-0 gutters-col-0 gutters-col-v-lg-0 gutters-col-v-md-0 gutters-col-v-0\">\n          <!---->\n          <div class=\"h-column h-column-container d-flex h-col-lg-auto h-col-md-auto h-col-auto style-514-outer style-local-623-c11-outer\">\n            <div data-colibri-id=\"623-c11\" class=\"d-flex h-flex-basis h-column__inner h-ui-empty-state-container h-px-lg-0 h-px-md-0 h-px-0 v-inner-lg-0 v-inner-md-0 v-inner-0 style-514 style-local-623-c11 position-relative\">\n              <!---->\n              <!---->\n              <div class=\"w-100 h-y-container h-column__content h-column__v-align flex-basis-100\">\n                <!---->\n              <\/div>\n            <\/div>\n          <\/div>\n          <div class=\"h-column h-column-container d-flex h-col-lg-auto h-col-md-auto h-col-auto style-515-outer style-local-623-c12-outer\">\n            <div data-colibri-id=\"623-c12\" class=\"d-flex h-flex-basis h-column__inner h-px-lg-2 h-px-md-2 h-px-2 v-inner-lg-2 v-inner-md-2 v-inner-2 style-515 style-local-623-c12 position-relative\">\n              <!---->\n              <!---->\n              <div class=\"w-100 h-y-container h-column__content h-column__v-align flex-basis-100 align-self-lg-start align-self-md-start align-self-start\">\n                <!---->\n                <div data-colibri-id=\"623-c13\" class=\"h-global-transition-all h-heading style-516 style-local-623-c13 position-relative h-element\">\n                  <!---->\n                  <div class=\"h-heading__outer style-516 style-local-623-c13\">\n                    <!---->\n                    <!---->\n                    <h5 class=\"\">Tutti no mundo<\/h5>\n                  <\/div>\n                <\/div>\n                <div data-colibri-id=\"623-c14\" class=\"h-global-transition-all h-heading style-517 style-local-623-c14 position-relative h-element\">\n                  <!---->\n                  <div class=\"h-heading__outer style-517 style-local-623-c14\">\n                    <!---->\n                    <!---->\n                    <h2 class=\"\">Nossa miss\u00e3o<\/h2>\n                  <\/div>\n                <\/div>\n                <div data-colibri-id=\"623-c15\" class=\"h-text h-text-component style-518 style-local-623-c15 position-relative h-element\">\n                  <!---->\n                  <!---->\n                  <div class=\"\">\n                    <p>A miss\u00e3o da Tutti \u00e9 levar a Libras a ocupar seu espa\u00e7o no mundo escrito, por meio da ELiS, assegurando aos surdos seu direito lingu\u00edstico inalien\u00e1vel de ser alfabetizado em sua pr\u00f3pria l\u00edngua e de usar esse conhecimento para se expressar.<\/p>\n                  <\/div>\n                <\/div>\n              <\/div>\n            <\/div>\n          <\/div>\n        <\/div>\n      <\/div>\n    <\/div>\n  <\/div>\n  <div data-colibri-component=\"section\" data-colibri-id=\"623-c26\" id=\"about-4\" class=\"h-section h-section-global-spacing d-flex align-items-lg-center align-items-md-center align-items-center style-603 style-local-623-c26 position-relative\">\n    <!---->\n    <!---->\n    <div class=\"h-section-grid-container h-section-boxed-container\">\n      <div data-colibri-id=\"623-c31\" class=\"h-row-container gutters-row-lg-2 gutters-row-md-2 gutters-row-2 gutters-row-v-lg-2 gutters-row-v-md-2 gutters-row-v-2 style-608 style-local-623-c31 position-relative\">\n        <!---->\n        <div class=\"h-row justify-content-lg-center justify-content-md-center justify-content-center align-items-lg-stretch align-items-md-stretch align-items-stretch gutters-col-lg-2 gutters-col-md-2 gutters-col-2 gutters-col-v-lg-2 gutters-col-v-md-2 gutters-col-v-2\">\n          <!---->\n          <div class=\"h-column h-column-container d-flex h-col-lg-auto h-col-md-auto h-col-auto style-609-outer style-local-623-c32-outer\">\n            <div data-colibri-id=\"623-c32\" class=\"d-flex h-flex-basis h-column__inner h-px-lg-2 h-px-md-2 h-px-2 v-inner-lg-2 v-inner-md-2 v-inner-2 style-609 style-local-623-c32 position-relative\">\n              <!---->\n              <!---->\n              <div class=\"w-100 h-y-container h-column__content h-column__v-align flex-basis-100 align-self-lg-start align-self-md-start align-self-start\">\n                <!---->\n                <div data-colibri-id=\"623-c33\" class=\"h-global-transition-all h-heading style-610 style-local-623-c33 position-relative h-element\">\n                  <!---->\n                  <div class=\"h-heading__outer style-610 style-local-623-c33\">\n                    <!---->\n                    <!---->\n                    <h5 class=\"\">Tudo em um s\u00f3 lugar<\/h5>\n                  <\/div>\n                <\/div>\n                <div data-colibri-id=\"623-c34\" class=\"h-global-transition-all h-heading style-611 style-local-623-c34 position-relative h-element\">\n                  <!---->\n                  <div class=\"h-heading__outer style-611 style-local-623-c34\">\n                    <!---->\n                    <!---->\n                    <h2 class=\"\">O seu portal ELiS<\/h2>\n                  <\/div>\n                <\/div>\n                <div data-colibri-id=\"623-c35\" class=\"h-lead h-text h-text-component style-612 style-local-623-c35 position-relative h-element\">\n                  <!---->\n                  <!---->\n                  <div class=\"\">\n                    <p>Nossa proposta \u00e9 oferecer, em apenas um lugar, tudo relacionado ao Sistema Brasileiro de Escrita das L\u00ednguas de Sinais.<\/p>\n                  <\/div>\n                <\/div>\n              <\/div>\n            <\/div>\n          <\/div>\n        <\/div>\n      <\/div>\n      <div data-colibri-id=\"623-c27\" class=\"h-row-container gutters-row-lg-0 gutters-row-md-0 gutters-row-0 gutters-row-v-lg-0 gutters-row-v-md-0 gutters-row-v-0 style-604 style-local-623-c27 h-overflow-hidden position-relative\">\n        <!---->\n        <div class=\"h-row justify-content-lg-center justify-content-md-center justify-content-center align-items-lg-end align-items-md-end align-items-end gutters-col-lg-0 gutters-col-md-0 gutters-col-0 gutters-col-v-lg-0 gutters-col-v-md-0 gutters-col-v-0\">\n          <!---->\n          <div class=\"h-column h-column-container d-flex h-col-lg-auto h-col-md-auto h-col-auto align-self-lg-end align-self-md-end align-self-end style-605-outer style-local-623-c28-outer\">\n            <div data-colibri-id=\"623-c28\" class=\"d-flex h-flex-basis h-column__inner h-ui-empty-state-container h-px-lg-0 h-px-md-0 h-px-0 v-inner-lg-0 v-inner-md-0 v-inner-0 style-605 style-local-623-c28 position-relative\">\n              <!---->\n              <!---->\n              <div class=\"w-100 h-y-container h-column__content h-column__v-align flex-basis-100\">\n                <!---->\n              <\/div>\n            <\/div>\n          <\/div>\n          <div class=\"h-column h-column-container d-flex h-col-lg-auto h-col-md-auto h-col-auto align-self-lg-end align-self-md-end align-self-end style-606-outer style-local-623-c29-outer\">\n            <div data-colibri-id=\"623-c29\" class=\"d-flex h-flex-basis h-column__inner h-ui-empty-state-container h-px-lg-0 h-px-md-0 h-px-0 v-inner-lg-0 v-inner-md-0 v-inner-0 style-606 style-local-623-c29 position-relative\">\n              <!---->\n              <!---->\n              <div class=\"w-100 h-y-container h-column__content h-column__v-align flex-basis-100\">\n                <!---->\n              <\/div>\n            <\/div>\n          <\/div>\n          <div class=\"h-column h-column-container d-flex h-col-lg-auto h-col-md-auto h-col-auto align-self-lg-end align-self-md-end align-self-end style-607-outer style-local-623-c30-outer\">\n            <div data-colibri-id=\"623-c30\" class=\"d-flex h-flex-basis h-column__inner h-ui-empty-state-container h-px-lg-0 h-px-md-0 h-px-0 v-inner-lg-0 v-inner-md-0 v-inner-0 style-607 style-local-623-c30 position-relative\">\n              <!---->\n              <!---->\n              <div class=\"w-100 h-y-container h-column__content h-column__v-align flex-basis-100\">\n                <!---->\n              <\/div>\n            <\/div>\n          <\/div>\n        <\/div>\n      <\/div>\n    <\/div>\n  <\/div>\n<\/div>","protected":false},"excerpt":{"rendered":"<p>Sobre O que \u00e9 a Tutti? A Tutti \u00e9 uma editora voltada principalmente para a publica\u00e7\u00e3o de materiais escritos em Libras\/ELiS. Esses materiais podem variar desde obras cient\u00edficas a pequenas hist\u00f3rias liter\u00e1rias ou a recursos did\u00e1ticos para o ensino de ELiS. Tutti no mundo Nossa miss\u00e3o A miss\u00e3o da Tutti \u00e9 levar a Libras a [&hellip;]<\/p>\n","protected":false},"author":1,"featured_media":0,"parent":0,"menu_order":0,"comment_status":"closed","ping_status":"closed","template":"page-templates\/full-width-page.php","meta":{"_uag_custom_page_level_css":"","footnotes":"","_links_to":"","_links_to_target":""},"class_list":["post-623","page","type-page","status-publish","hentry"],"uagb_featured_image_src":{"full":false,"thumbnail":false,"medium":false,"medium_large":false,"large":false,"1536x1536":false,"2048x2048":false,"woocommerce_thumbnail":false,"woocommerce_single":false,"woocommerce_gallery_thumbnail":false},"uagb_author_info":{"display_name":"softwaresmat","author_link":"https:\/\/tuttieditora.com.br\/index.php\/author\/softwaresmat\/"},"uagb_comment_info":0,"uagb_excerpt":"Sobre O que \u00e9 a Tutti? A Tutti \u00e9 uma editora voltada principalmente para a publica\u00e7\u00e3o de materiais escritos em Libras\/ELiS. Esses materiais podem variar desde obras cient\u00edficas a pequenas hist\u00f3rias liter\u00e1rias ou a recursos did\u00e1ticos para o ensino de ELiS. Tutti no mundo Nossa miss\u00e3o A miss\u00e3o da Tutti \u00e9 levar a Libras a&hellip;","_links":{"self":[{"href":"https:\/\/tuttieditora.com.br\/index.php\/wp-json\/wp\/v2\/pages\/623","targetHints":{"allow":["GET"]}}],"collection":[{"href":"https:\/\/tuttieditora.com.br\/index.php\/wp-json\/wp\/v2\/pages"}],"about":[{"href":"https:\/\/tuttieditora.com.br\/index.php\/wp-json\/wp\/v2\/types\/page"}],"author":[{"embeddable":true,"href":"https:\/\/tuttieditora.com.br\/index.php\/wp-json\/wp\/v2\/users\/1"}],"replies":[{"embeddable":true,"href":"https:\/\/tuttieditora.com.br\/index.php\/wp-json\/wp\/v2\/comments?post=623"}],"version-history":[{"count":20,"href":"https:\/\/tuttieditora.com.br\/index.php\/wp-json\/wp\/v2\/pages\/623\/revisions"}],"predecessor-version":[{"id":3109,"href":"https:\/\/tuttieditora.com.br\/index.php\/wp-json\/wp\/v2\/pages\/623\/revisions\/3109"}],"wp:attachment":[{"href":"https:\/\/tuttieditora.com.br\/index.php\/wp-json\/wp\/v2\/media?parent=623"}],"curies":[{"name":"wp","href":"https:\/\/api.w.org\/{rel}","templated":true}]}}