{"id":3213,"date":"2024-04-03T21:03:59","date_gmt":"2024-04-04T00:03:59","guid":{"rendered":"https:\/\/tuttieditora.com.br\/?post_type=product&#038;p=3213"},"modified":"2024-04-08T09:06:17","modified_gmt":"2024-04-08T12:06:17","slug":"irmao-e-irma-livro-fisico","status":"publish","type":"product","link":"https:\/\/tuttieditora.com.br\/index.php\/product\/irmao-e-irma-livro-fisico\/","title":{"rendered":"Irm\u00e3o e Irm\u00e3<br>(Livro F\u00edsico)"},"content":{"rendered":"","protected":false},"excerpt":{"rendered":"","protected":false},"featured_media":2581,"comment_status":"open","ping_status":"closed","template":"","meta":{"_uag_custom_page_level_css":"","_links_to":"","_links_to_target":""},"product_brand":[],"product_cat":[22],"product_tag":[],"class_list":{"0":"post-3213","1":"product","2":"type-product","3":"status-publish","4":"has-post-thumbnail","6":"product_cat-livros-fisicos","8":"first","9":"instock","10":"shipping-taxable","11":"product-type-external"},"uagb_featured_image_src":{"full":["https:\/\/tuttieditora.com.br\/wp-content\/uploads\/2021\/07\/foto_7-scaled.jpg",1706,2560,false],"thumbnail":["https:\/\/tuttieditora.com.br\/wp-content\/uploads\/2021\/07\/foto_7-150x150.jpg",150,150,true],"medium":["https:\/\/tuttieditora.com.br\/wp-content\/uploads\/2021\/07\/foto_7-200x300.jpg",200,300,true],"medium_large":["https:\/\/tuttieditora.com.br\/wp-content\/uploads\/2021\/07\/foto_7-768x1152.jpg",768,1152,true],"large":["https:\/\/tuttieditora.com.br\/wp-content\/uploads\/2021\/07\/foto_7-682x1024.jpg",682,1024,true],"1536x1536":["https:\/\/tuttieditora.com.br\/wp-content\/uploads\/2021\/07\/foto_7-1024x1536.jpg",1024,1536,true],"2048x2048":["https:\/\/tuttieditora.com.br\/wp-content\/uploads\/2021\/07\/foto_7-1365x2048.jpg",1365,2048,true],"woocommerce_thumbnail":["https:\/\/tuttieditora.com.br\/wp-content\/uploads\/2021\/07\/foto_7-300x300.jpg",300,300,true],"woocommerce_single":["https:\/\/tuttieditora.com.br\/wp-content\/uploads\/2021\/07\/foto_7-600x900.jpg",600,900,true],"woocommerce_gallery_thumbnail":["https:\/\/tuttieditora.com.br\/wp-content\/uploads\/2021\/07\/foto_7-100x100.jpg",100,100,true]},"uagb_author_info":{"display_name":"softwaresmat","author_link":"https:\/\/tuttieditora.com.br\/index.php\/author\/"},"uagb_comment_info":0,"uagb_excerpt":null,"_links":{"self":[{"href":"https:\/\/tuttieditora.com.br\/index.php\/wp-json\/wp\/v2\/product\/3213","targetHints":{"allow":["GET"]}}],"collection":[{"href":"https:\/\/tuttieditora.com.br\/index.php\/wp-json\/wp\/v2\/product"}],"about":[{"href":"https:\/\/tuttieditora.com.br\/index.php\/wp-json\/wp\/v2\/types\/product"}],"replies":[{"embeddable":true,"href":"https:\/\/tuttieditora.com.br\/index.php\/wp-json\/wp\/v2\/comments?post=3213"}],"wp:featuredmedia":[{"embeddable":true,"href":"https:\/\/tuttieditora.com.br\/index.php\/wp-json\/wp\/v2\/media\/2581"}],"wp:attachment":[{"href":"https:\/\/tuttieditora.com.br\/index.php\/wp-json\/wp\/v2\/media?parent=3213"}],"wp:term":[{"taxonomy":"product_brand","embeddable":true,"href":"https:\/\/tuttieditora.com.br\/index.php\/wp-json\/wp\/v2\/product_brand?post=3213"},{"taxonomy":"product_cat","embeddable":true,"href":"https:\/\/tuttieditora.com.br\/index.php\/wp-json\/wp\/v2\/product_cat?post=3213"},{"taxonomy":"product_tag","embeddable":true,"href":"https:\/\/tuttieditora.com.br\/index.php\/wp-json\/wp\/v2\/product_tag?post=3213"}],"curies":[{"name":"wp","href":"https:\/\/api.w.org\/{rel}","templated":true}]}}